{"id":272,"date":"2017-07-26T17:42:43","date_gmt":"2017-07-26T15:42:43","guid":{"rendered":"http:\/\/hydrowatt.de\/de\/?page_id=272"},"modified":"2024-03-10T11:42:11","modified_gmt":"2024-03-10T10:42:11","slug":"durchstroemturbinen","status":"publish","type":"page","link":"https:\/\/hydrowatt.de\/de\/produkte\/durchstroemturbinen\/","title":{"rendered":"Durchstr\u00f6mturbinen"},"content":{"rendered":"<p><div class=\"fusion-fullwidth fullwidth-box fusion-builder-row-1 fusion-flex-container nonhundred-percent-fullwidth non-hundred-percent-height-scrolling\" style=\"--awb-border-radius-top-left:0px;--awb-border-radius-top-right:0px;--awb-border-radius-bottom-right:0px;--awb-border-radius-bottom-left:0px;--awb-flex-wrap:wrap;\" ><div class=\"fusion-builder-row fusion-row fusion-flex-align-items-flex-start fusion-flex-content-wrap\" style=\"max-width:1248px;margin-left: calc(-4% \/ 2 );margin-right: calc(-4% \/ 2 );\"><div class=\"fusion-layout-column fusion_builder_column fusion-builder-column-0 fusion_builder_column_1_1 1_1 fusion-flex-column\" style=\"--awb-bg-size:cover;--awb-width-large:100%;--awb-margin-top-large:0px;--awb-spacing-right-large:1.92%;--awb-margin-bottom-large:20px;--awb-spacing-left-large:1.92%;--awb-width-medium:100%;--awb-order-medium:0;--awb-spacing-right-medium:1.92%;--awb-spacing-left-medium:1.92%;--awb-width-small:100%;--awb-order-small:0;--awb-spacing-right-small:1.92%;--awb-spacing-left-small:1.92%;\"><div class=\"fusion-column-wrapper fusion-column-has-shadow fusion-flex-justify-content-flex-start fusion-content-layout-column\"><div class=\"fusion-text fusion-text-1\"><h1>Durchstr\u00f6mturbinen<\/h1>\n<p>f\u00fcr Anlagen und Fallh\u00f6hen von 2 bis 100 m und einer Wassermenge von 50 bis 5.000 l\/s.<\/p>\n<\/div><\/div><\/div><div class=\"fusion-layout-column fusion_builder_column fusion-builder-column-1 fusion_builder_column_3_4 3_4 fusion-flex-column\" style=\"--awb-bg-size:cover;--awb-width-large:75%;--awb-margin-top-large:0px;--awb-spacing-right-large:3.84%;--awb-margin-bottom-large:0px;--awb-spacing-left-large:2.56%;--awb-width-medium:75%;--awb-spacing-right-medium:3.84%;--awb-spacing-left-medium:2.56%;--awb-width-small:100%;--awb-spacing-right-small:1.92%;--awb-spacing-left-small:1.92%;\"><div class=\"fusion-column-wrapper fusion-flex-justify-content-flex-start fusion-content-layout-column\"><div class=\"fusion-text fusion-text-2\"><p>Durchstr\u00f6mturbinen haben sich bew\u00e4hrt. Durch ihren einfachen Aufbau stellen sie eine wirtschaftliche L\u00f6sung, insbesonders auch bei geringen Abfl\u00fcssen dar. Durch flexible Gestaltung des Zu- und Ablaufs ist der bauliche Aufwand gering und somit kosteng\u00fcnstig zu realisieren. Durchstr\u00f6mturbinen lassen sich gut an vor- gegebene Einbausituationen anpassen, was auch bei Reaktivierung alter Wasserkraftstandorte hilfreich sein kann.<\/p>\n<p>Mit Aufteilung des Zuflusses auf 2 Zellen mit 1\/3 und 2\/3 Beaufschlagung ergibt sich ein guter Wirkungsgrad auch im Teillastbereich. Die Zulaufklappen werden \u00fcber einfach wirkende Zylinder und Schlie\u00dfgewichte bet\u00e4tigt. Aus diesem Grund gen\u00fcgt ein Aggregat ohne Druckspeicher. Zudem sind alle Komponenten bis auf das Saugrohr trocken im Maschinenraum angeordnet und somit wartungsfreundlich zug\u00e4nglich.<\/p>\n<\/div><\/div><\/div><div class=\"fusion-layout-column fusion_builder_column fusion-builder-column-2 fusion_builder_column_1_4 1_4 fusion-flex-column\" style=\"--awb-bg-size:cover;--awb-width-large:25%;--awb-margin-top-large:0px;--awb-spacing-right-large:7.68%;--awb-margin-bottom-large:0px;--awb-spacing-left-large:3.84%;--awb-width-medium:25%;--awb-spacing-right-medium:7.68%;--awb-spacing-left-medium:3.84%;--awb-width-small:100%;--awb-spacing-right-small:1.92%;--awb-spacing-left-small:1.92%;\"><div class=\"fusion-column-wrapper fusion-flex-justify-content-flex-start fusion-content-layout-column\"><div class=\"fusion-text fusion-text-3\"><p><img decoding=\"async\" class=\"alignright size-medium wp-image-277\" src=\"https:\/\/hydrowatt.de\/de\/wp-content\/uploads\/2017\/07\/t_ds-300x189.png\" alt=\"Durchstr\u00f6mturbinen von Hydrowatt\" width=\"300\" height=\"189\" srcset=\"https:\/\/hydrowatt.de\/de\/wp-content\/uploads\/2017\/07\/t_ds-300x189.png 300w, https:\/\/hydrowatt.de\/de\/wp-content\/uploads\/2017\/07\/t_ds-768x485.png 768w, https:\/\/hydrowatt.de\/de\/wp-content\/uploads\/2017\/07\/t_ds.png 800w\" sizes=\"(max-width: 300px) 100vw, 300px\" \/><\/p>\n<\/div><\/div><\/div><\/div><\/div><div class=\"fusion-fullwidth fullwidth-box fusion-builder-row-2 fusion-flex-container has-pattern-background has-mask-background nonhundred-percent-fullwidth non-hundred-percent-height-scrolling\" style=\"--awb-border-radius-top-left:0px;--awb-border-radius-top-right:0px;--awb-border-radius-bottom-right:0px;--awb-border-radius-bottom-left:0px;--awb-flex-wrap:wrap;\" ><div class=\"fusion-builder-row fusion-row fusion-flex-align-items-flex-start fusion-flex-content-wrap\" style=\"max-width:1248px;margin-left: calc(-4% \/ 2 );margin-right: calc(-4% \/ 2 );\"><div class=\"fusion-layout-column fusion_builder_column fusion-builder-column-3 fusion_builder_column_1_1 1_1 fusion-flex-column\" style=\"--awb-bg-size:cover;--awb-width-large:100%;--awb-margin-top-large:0px;--awb-spacing-right-large:1.92%;--awb-margin-bottom-large:20px;--awb-spacing-left-large:1.92%;--awb-width-medium:100%;--awb-order-medium:0;--awb-spacing-right-medium:1.92%;--awb-spacing-left-medium:1.92%;--awb-width-small:100%;--awb-order-small:0;--awb-spacing-right-small:1.92%;--awb-spacing-left-small:1.92%;\"><div class=\"fusion-column-wrapper fusion-column-has-shadow fusion-flex-justify-content-flex-start fusion-content-layout-column\"><div class=\"fusion-separator fusion-full-width-sep\" style=\"align-self: center;margin-left: auto;margin-right: auto;margin-top:100px;width:100%;\"><\/div><div class=\"fusion-title title fusion-title-1 fusion-sep-none fusion-title-text fusion-title-size-two\" style=\"--awb-text-color:var(--awb-color5);--awb-margin-bottom:40px;\"><h2 class=\"fusion-title-heading title-heading-left\" style=\"margin:0;text-transform:uppercase;\"><h2 class=\"title fusion-responsive-typography-calculated\" data-fontsize=\"18\" data-lineheight=\"18px\">Unsere Referenzen<\/h2><\/h2><\/div><div class=\"fusion-blog-shortcode fusion-blog-shortcode-1 fusion-blog-archive fusion-blog-layout-grid-wrapper fusion-blog-infinite\" style=\"--awb-title-font-size:16px;--awb-timeline-title-font-size:14px;\"><style type=\"text\/css\">.fusion-blog-shortcode-1 .fusion-blog-layout-grid .fusion-post-grid{padding:20px;}.fusion-blog-shortcode-1 .fusion-posts-container{margin-left: -20px !important; margin-right:-20px !important;}<\/style><div class=\"fusion-posts-container fusion-posts-container-infinite fusion-posts-container-load-more fusion-blog-rollover fusion-blog-layout-grid fusion-blog-layout-grid-3 isotope fusion-blog-equal-heights\" data-pages=\"1\" data-grid-col-space=\"40\" style=\"margin: -20px -20px 0;min-height:500px;\"><article id=\"blog-1-post-1218\" class=\"fusion-post-grid post-1218 post type-post status-publish format-standard has-post-thumbnail hentry category-durchstroemturbine category-referenzen\">\n<div class=\"fusion-post-wrapper\" style=\"background-color:var(--awb-color2);border:1px solid var(--awb-color2);border-bottom-width:3px;\">\n\n\t\t\t<div class=\"fusion-flexslider flexslider fusion-flexslider-loading fusion-post-slideshow\" style=\"border-color:var(--awb-color2);\">\n\t\t<ul class=\"slides\">\n\t\t\t\n\t\t\t\t\t\t\t\t\t\t\t\t\t\t<li><div  class=\"fusion-image-wrapper\" aria-haspopup=\"true\">\n\t\t\t\t<img decoding=\"async\" width=\"300\" height=\"200\" src=\"https:\/\/hydrowatt.de\/de\/wp-content\/uploads\/2017\/07\/grove.jpg\" class=\"attachment-full size-full wp-post-image\" alt=\"\" \/><div class=\"fusion-rollover\">\n\t<div class=\"fusion-rollover-content\">\n\n\t\t\t\t\t\t\t\t\t\t\t\t\t\t<a class=\"fusion-rollover-link\" href=\"https:\/\/hydrowatt.de\/de\/ossberger-durchstroemturbine-grovesmuehle-in-veckenstedt\/\">Ossberger-Durchstr\u00f6mturbine &#8222;Grovesm\u00fchle&#8220; in Veckenstedt<\/a>\n\t\t\t\n\t\t\t\t\t\t\t\t\t\t\t\t\t\t\n\t\t\t\t\t\t\t\t\n\t\t\t\t\t\t\t\t\t\t\t\t\t<div class=\"fusion-rollover-sep\"><\/div>\n\t\t\t\t\n\t\t\t\t\t\t\t\t\t\t\t\t\t\t\t\t\t\t<a class=\"fusion-rollover-gallery\" href=\"https:\/\/hydrowatt.de\/de\/wp-content\/uploads\/2017\/07\/grove.jpg\" data-id=\"1218\" data-rel=\"iLightbox[gallery]\" data-title=\"grove\" data-caption=\"\">\n\t\t\t\t\t\tGallerie\t\t\t\t\t<\/a>\n\t\t\t\t\t\t\t\t\t\t\t\t\t\t\n\t\t\n\t\t\t\t\t\t\t\t\t\t\t\t<h4 class=\"fusion-rollover-title\">\n\t\t\t\t\t<a class=\"fusion-rollover-title-link\" href=\"https:\/\/hydrowatt.de\/de\/ossberger-durchstroemturbine-grovesmuehle-in-veckenstedt\/\">\n\t\t\t\t\t\tOssberger-Durchstr\u00f6mturbine &#8222;Grovesm\u00fchle&#8220; in Veckenstedt\t\t\t\t\t<\/a>\n\t\t\t\t<\/h4>\n\t\t\t\n\t\t\t\t\t\t\t\t\t\t<div class=\"fusion-rollover-categories\"><a href=\"https:\/\/hydrowatt.de\/de\/category\/referenzen\/durchstroemturbine\/\" rel=\"tag\">Durchstr\u00f6mturbine<\/a>, <a href=\"https:\/\/hydrowatt.de\/de\/category\/referenzen\/\" rel=\"tag\">Referenzen<\/a><\/div>\t\t\t\t\t\n\t\t\n\t\t\t\t\t\t<a class=\"fusion-link-wrapper\" href=\"https:\/\/hydrowatt.de\/de\/ossberger-durchstroemturbine-grovesmuehle-in-veckenstedt\/\" aria-label=\"Ossberger-Durchstr\u00f6mturbine &#8222;Grovesm\u00fchle&#8220; in Veckenstedt\"><\/a>\n\t<\/div>\n<\/div>\n<\/div>\n<\/li>\n\t\t\t\n\t\t\t\n\t\t\t\t\t\t\t\t\t\t\t\t\t\t\t\t\t\t\t\t\t\t\t\t\t\t\t\t\t\t\t\t\t\t\t\t\t\t\t\t\t\t\t\t\t\t\t\t\t\t\t\t\t\t\t\t\t\t\t\t\t\t\t\t\t\t\t\t<\/ul>\n\t<\/div>\n\t<div class=\"fusion-post-content-wrapper\" style=\"padding:30px 25px 25px 25px;\"><div class=\"fusion-post-content post-content\"><h2 class=\"blog-shortcode-post-title entry-title\"><a href=\"https:\/\/hydrowatt.de\/de\/ossberger-durchstroemturbine-grovesmuehle-in-veckenstedt\/\">Ossberger-Durchstr\u00f6mturbine &#8222;Grovesm\u00fchle&#8220; in Veckenstedt<\/a><\/h2><span class=\"vcard\" style=\"display: none;\"><span class=\"fn\"><a href=\"https:\/\/hydrowatt.de\/de\/author\/25b\/\" title=\"Beitr\u00e4ge von 25b\" rel=\"author\">25b<\/a><\/span><\/span><span class=\"updated\" style=\"display:none;\">2023-12-17T17:37:45+00:00<\/span><div class=\"fusion-content-sep sep-single sep-solid\"><\/div><div class=\"fusion-post-content-container\"><p>Ausbauwassermenge: Q = 0,5 m\u00b3\/s <br class=\"clear\">\r\nFallh\u00f6he: Hn = 4,5 m <br class=\"clear\">\r\nElektrische Leistung: Pel = 16 kW<\/p><\/div><\/div><\/div><div class=\"fusion-clearfix\"><\/div><\/div>\n<\/article>\n<article id=\"blog-1-post-1210\" class=\"fusion-post-grid post-1210 post type-post status-publish format-standard has-post-thumbnail hentry category-durchstroemturbine category-referenzen\">\n<div class=\"fusion-post-wrapper\" style=\"background-color:var(--awb-color2);border:1px solid var(--awb-color2);border-bottom-width:3px;\">\n\n\t\t\t<div class=\"fusion-flexslider flexslider fusion-flexslider-loading fusion-post-slideshow\" style=\"border-color:var(--awb-color2);\">\n\t\t<ul class=\"slides\">\n\t\t\t\n\t\t\t\t\t\t\t\t\t\t\t\t\t\t<li><div  class=\"fusion-image-wrapper\" aria-haspopup=\"true\">\n\t\t\t\t<img decoding=\"async\" width=\"300\" height=\"200\" src=\"https:\/\/hydrowatt.de\/de\/wp-content\/uploads\/2017\/07\/riedm.jpg\" class=\"attachment-full size-full wp-post-image\" alt=\"\" \/><div class=\"fusion-rollover\">\n\t<div class=\"fusion-rollover-content\">\n\n\t\t\t\t\t\t\t\t\t\t\t\t\t\t<a class=\"fusion-rollover-link\" href=\"https:\/\/hydrowatt.de\/de\/ossberger-durchstroemturbine-riedmuehle-in-hohentengen\/\">Ossberger-Durchstr\u00f6mturbine &#8222;Riedm\u00fchle&#8220; in Hohentengen<\/a>\n\t\t\t\n\t\t\t\t\t\t\t\t\t\t\t\t\t\t\n\t\t\t\t\t\t\t\t\n\t\t\t\t\t\t\t\t\t\t\t\t\t<div class=\"fusion-rollover-sep\"><\/div>\n\t\t\t\t\n\t\t\t\t\t\t\t\t\t\t\t\t\t\t\t\t\t\t<a class=\"fusion-rollover-gallery\" href=\"https:\/\/hydrowatt.de\/de\/wp-content\/uploads\/2017\/07\/riedm.jpg\" data-id=\"1210\" data-rel=\"iLightbox[gallery]\" data-title=\"riedm\" data-caption=\"\">\n\t\t\t\t\t\tGallerie\t\t\t\t\t<\/a>\n\t\t\t\t\t\t\t\t\t\t\t\t\t\t\n\t\t\n\t\t\t\t\t\t\t\t\t\t\t\t<h4 class=\"fusion-rollover-title\">\n\t\t\t\t\t<a class=\"fusion-rollover-title-link\" href=\"https:\/\/hydrowatt.de\/de\/ossberger-durchstroemturbine-riedmuehle-in-hohentengen\/\">\n\t\t\t\t\t\tOssberger-Durchstr\u00f6mturbine &#8222;Riedm\u00fchle&#8220; in Hohentengen\t\t\t\t\t<\/a>\n\t\t\t\t<\/h4>\n\t\t\t\n\t\t\t\t\t\t\t\t\t\t<div class=\"fusion-rollover-categories\"><a href=\"https:\/\/hydrowatt.de\/de\/category\/referenzen\/durchstroemturbine\/\" rel=\"tag\">Durchstr\u00f6mturbine<\/a>, <a href=\"https:\/\/hydrowatt.de\/de\/category\/referenzen\/\" rel=\"tag\">Referenzen<\/a><\/div>\t\t\t\t\t\n\t\t\n\t\t\t\t\t\t<a class=\"fusion-link-wrapper\" href=\"https:\/\/hydrowatt.de\/de\/ossberger-durchstroemturbine-riedmuehle-in-hohentengen\/\" aria-label=\"Ossberger-Durchstr\u00f6mturbine &#8222;Riedm\u00fchle&#8220; in Hohentengen\"><\/a>\n\t<\/div>\n<\/div>\n<\/div>\n<\/li>\n\t\t\t\n\t\t\t\n\t\t\t\t\t\t\t\t\t\t\t\t\t\t\t\t\t\t\t\t\t\t\t\t\t\t\t\t\t\t\t\t\t\t\t\t\t\t\t\t\t\t\t\t\t\t\t\t\t\t\t\t\t\t\t\t\t\t\t\t\t\t\t\t\t\t\t\t<\/ul>\n\t<\/div>\n\t<div class=\"fusion-post-content-wrapper\" style=\"padding:30px 25px 25px 25px;\"><div class=\"fusion-post-content post-content\"><h2 class=\"blog-shortcode-post-title entry-title\"><a href=\"https:\/\/hydrowatt.de\/de\/ossberger-durchstroemturbine-riedmuehle-in-hohentengen\/\">Ossberger-Durchstr\u00f6mturbine &#8222;Riedm\u00fchle&#8220; in Hohentengen<\/a><\/h2><span class=\"vcard\" style=\"display: none;\"><span class=\"fn\"><a href=\"https:\/\/hydrowatt.de\/de\/author\/25b\/\" title=\"Beitr\u00e4ge von 25b\" rel=\"author\">25b<\/a><\/span><\/span><span class=\"updated\" style=\"display:none;\">2024-03-10T12:38:12+00:00<\/span><div class=\"fusion-content-sep sep-single sep-solid\"><\/div><div class=\"fusion-post-content-container\"><p>Ausbauwassermenge: Q = 1,5 m\u00b3\/s <br class=\"clear\">\r\nFallh\u00f6he: Hn = 2,2 m<br class=\"clear\">\r\nElektrische Leistung: Pel = 22 kW<\/p><\/div><\/div><\/div><div class=\"fusion-clearfix\"><\/div><\/div>\n<\/article>\n<article id=\"blog-1-post-1194\" class=\"fusion-post-grid post-1194 post type-post status-publish format-standard has-post-thumbnail hentry category-durchstroemturbine category-referenzen\">\n<div class=\"fusion-post-wrapper\" style=\"background-color:var(--awb-color2);border:1px solid var(--awb-color2);border-bottom-width:3px;\">\n\n\t\t\t<div class=\"fusion-flexslider flexslider fusion-flexslider-loading fusion-post-slideshow\" style=\"border-color:var(--awb-color2);\">\n\t\t<ul class=\"slides\">\n\t\t\t\n\t\t\t\t\t\t\t\t\t\t\t\t\t\t<li><div  class=\"fusion-image-wrapper\" aria-haspopup=\"true\">\n\t\t\t\t<img decoding=\"async\" width=\"300\" height=\"200\" src=\"https:\/\/hydrowatt.de\/de\/wp-content\/uploads\/2017\/07\/staus.jpg\" class=\"attachment-full size-full wp-post-image\" alt=\"\" \/><div class=\"fusion-rollover\">\n\t<div class=\"fusion-rollover-content\">\n\n\t\t\t\t\t\t\t\t\t\t\t\t\t\t<a class=\"fusion-rollover-link\" href=\"https:\/\/hydrowatt.de\/de\/durchstroemturbine-stausee-bei-rainau-buch\/\">Durchstr\u00f6mturbine &#8222;Stausee&#8220; bei Rainau-Buch<\/a>\n\t\t\t\n\t\t\t\t\t\t\t\t\t\t\t\t\t\t\n\t\t\t\t\t\t\t\t\n\t\t\t\t\t\t\t\t\t\t\t\t\t<div class=\"fusion-rollover-sep\"><\/div>\n\t\t\t\t\n\t\t\t\t\t\t\t\t\t\t\t\t\t\t\t\t\t\t<a class=\"fusion-rollover-gallery\" href=\"https:\/\/hydrowatt.de\/de\/wp-content\/uploads\/2017\/07\/staus.jpg\" data-id=\"1194\" data-rel=\"iLightbox[gallery]\" data-title=\"staus\" data-caption=\"\">\n\t\t\t\t\t\tGallerie\t\t\t\t\t<\/a>\n\t\t\t\t\t\t\t\t\t\t\t\t\t\t\n\t\t\n\t\t\t\t\t\t\t\t\t\t\t\t<h4 class=\"fusion-rollover-title\">\n\t\t\t\t\t<a class=\"fusion-rollover-title-link\" href=\"https:\/\/hydrowatt.de\/de\/durchstroemturbine-stausee-bei-rainau-buch\/\">\n\t\t\t\t\t\tDurchstr\u00f6mturbine &#8222;Stausee&#8220; bei Rainau-Buch\t\t\t\t\t<\/a>\n\t\t\t\t<\/h4>\n\t\t\t\n\t\t\t\t\t\t\t\t\t\t<div class=\"fusion-rollover-categories\"><a href=\"https:\/\/hydrowatt.de\/de\/category\/referenzen\/durchstroemturbine\/\" rel=\"tag\">Durchstr\u00f6mturbine<\/a>, <a href=\"https:\/\/hydrowatt.de\/de\/category\/referenzen\/\" rel=\"tag\">Referenzen<\/a><\/div>\t\t\t\t\t\n\t\t\n\t\t\t\t\t\t<a class=\"fusion-link-wrapper\" href=\"https:\/\/hydrowatt.de\/de\/durchstroemturbine-stausee-bei-rainau-buch\/\" aria-label=\"Durchstr\u00f6mturbine &#8222;Stausee&#8220; bei Rainau-Buch\"><\/a>\n\t<\/div>\n<\/div>\n<\/div>\n<\/li>\n\t\t\t\n\t\t\t\n\t\t\t\t\t\t\t\t\t\t\t\t\t\t\t\t\t\t\t\t\t\t\t\t\t\t\t\t\t\t\t\t\t\t\t\t\t\t\t\t\t\t\t\t\t\t\t\t\t\t\t\t\t\t\t\t\t\t\t\t\t\t\t\t\t\t\t\t<\/ul>\n\t<\/div>\n\t<div class=\"fusion-post-content-wrapper\" style=\"padding:30px 25px 25px 25px;\"><div class=\"fusion-post-content post-content\"><h2 class=\"blog-shortcode-post-title entry-title\"><a href=\"https:\/\/hydrowatt.de\/de\/durchstroemturbine-stausee-bei-rainau-buch\/\">Durchstr\u00f6mturbine &#8222;Stausee&#8220; bei Rainau-Buch<\/a><\/h2><span class=\"vcard\" style=\"display: none;\"><span class=\"fn\"><a href=\"https:\/\/hydrowatt.de\/de\/author\/25b\/\" title=\"Beitr\u00e4ge von 25b\" rel=\"author\">25b<\/a><\/span><\/span><span class=\"updated\" style=\"display:none;\">2024-03-10T12:29:53+00:00<\/span><div class=\"fusion-content-sep sep-single sep-solid\"><\/div><div class=\"fusion-post-content-container\"><p>Ausbauwassermenge: Q = 0,5 - 0,7 m\u00b3\/s <br class=\"clear\">\r\nFallh\u00f6he: Hn = 3,5 - 6,3 m <br class=\"clear\">\r\nElektrische Leistung: Pel = 11 - 25 kW<\/p><\/div><\/div><\/div><div class=\"fusion-clearfix\"><\/div><\/div>\n<\/article>\n<div class=\"fusion-clearfix\"><\/div><\/div><\/div><\/div><\/div><\/div><\/div><\/p>","protected":false},"excerpt":{"rendered":"","protected":false},"author":1,"featured_media":0,"parent":35,"menu_order":0,"comment_status":"closed","ping_status":"closed","template":"100-width.php","meta":{"footnotes":""},"class_list":["post-272","page","type-page","status-publish","hentry"],"_links":{"self":[{"href":"https:\/\/hydrowatt.de\/de\/wp-json\/wp\/v2\/pages\/272","targetHints":{"allow":["GET"]}}],"collection":[{"href":"https:\/\/hydrowatt.de\/de\/wp-json\/wp\/v2\/pages"}],"about":[{"href":"https:\/\/hydrowatt.de\/de\/wp-json\/wp\/v2\/types\/page"}],"author":[{"embeddable":true,"href":"https:\/\/hydrowatt.de\/de\/wp-json\/wp\/v2\/users\/1"}],"replies":[{"embeddable":true,"href":"https:\/\/hydrowatt.de\/de\/wp-json\/wp\/v2\/comments?post=272"}],"version-history":[{"count":6,"href":"https:\/\/hydrowatt.de\/de\/wp-json\/wp\/v2\/pages\/272\/revisions"}],"predecessor-version":[{"id":1165,"href":"https:\/\/hydrowatt.de\/de\/wp-json\/wp\/v2\/pages\/272\/revisions\/1165"}],"up":[{"embeddable":true,"href":"https:\/\/hydrowatt.de\/de\/wp-json\/wp\/v2\/pages\/35"}],"wp:attachment":[{"href":"https:\/\/hydrowatt.de\/de\/wp-json\/wp\/v2\/media?parent=272"}],"curies":[{"name":"wp","href":"https:\/\/api.w.org\/{rel}","templated":true}]}}