{"id":298,"date":"2017-07-28T12:13:48","date_gmt":"2017-07-28T10:13:48","guid":{"rendered":"http:\/\/hydrowatt.de\/de\/?page_id=298"},"modified":"2023-04-12T17:51:21","modified_gmt":"2023-04-12T15:51:21","slug":"schaltanlagen","status":"publish","type":"page","link":"https:\/\/hydrowatt.de\/de\/fr\/produkte\/schaltanlagen\/","title":{"rendered":"syst\u00e8mes de commande"},"content":{"rendered":"<p><div class=\"fusion-fullwidth fullwidth-box fusion-builder-row-3 fusion-flex-container nonhundred-percent-fullwidth non-hundred-percent-height-scrolling\" style=\"--awb-border-radius-top-left:0px;--awb-border-radius-top-right:0px;--awb-border-radius-bottom-right:0px;--awb-border-radius-bottom-left:0px;--awb-flex-wrap:wrap;\" ><div class=\"fusion-builder-row fusion-row fusion-flex-align-items-flex-start fusion-flex-content-wrap\" style=\"max-width:1248px;margin-left: calc(-4% \/ 2 );margin-right: calc(-4% \/ 2 );\"><div class=\"fusion-layout-column fusion_builder_column fusion-builder-column-2 fusion_builder_column_1_1 1_1 fusion-flex-column\" style=\"--awb-bg-size:cover;--awb-width-large:100%;--awb-margin-top-large:0px;--awb-spacing-right-large:1.92%;--awb-margin-bottom-large:0px;--awb-spacing-left-large:1.92%;--awb-width-medium:100%;--awb-spacing-right-medium:1.92%;--awb-spacing-left-medium:1.92%;--awb-width-small:100%;--awb-spacing-right-small:1.92%;--awb-spacing-left-small:1.92%;\"><div class=\"fusion-column-wrapper fusion-flex-justify-content-flex-start fusion-content-layout-column\"><div class=\"fusion-text fusion-text-3\"><h1>syst\u00e8mes de commande<\/h1>\n<p><strong>HydroWatt\u00a0<\/strong> construit des syst\u00e8mes de commande pour les usines hydrauliques, les d\u00e9grilleurs automatiques et les vannes de commande. Les armoires de distribution sont d\u00e9velopp\u00e9es, construites et test\u00e9es chez nous \u00e0 Karlsruhe.<br \/>\n<img decoding=\"async\" class=\"alignright wp-image-302 size-medium\" src=\"https:\/\/hydrowatt.de\/de\/wp-content\/uploads\/2017\/07\/et-224x300.jpg\" alt=\"\" width=\"224\" height=\"300\" srcset=\"https:\/\/hydrowatt.de\/de\/wp-content\/uploads\/2017\/07\/et-224x300.jpg 224w, https:\/\/hydrowatt.de\/de\/wp-content\/uploads\/2017\/07\/et.jpg 600w\" sizes=\"(max-width: 224px) 100vw, 224px\" \/><\/p>\n<ul>\n<li>disjoncteurs de puissance<\/li>\n<li>contr\u00f4le de r\u00e9seau<\/li>\n<li>compte-tours<\/li>\n<li>contr\u00f4le de puissance faible<\/li>\n<li>\u00e9l\u00e9ments d\u00b4indication et de service<\/li>\n<li>solutions confort pour SPS<\/li>\n<li>surveillance des d\u00e9fauts par fax, t\u00e9l\u00e9phone ou SMS<\/li>\n<\/ul>\n<\/div><\/div><\/div><\/div><\/div><\/p>","protected":false},"excerpt":{"rendered":"","protected":false},"author":1,"featured_media":0,"parent":35,"menu_order":0,"comment_status":"closed","ping_status":"closed","template":"","meta":{"footnotes":""},"class_list":["post-298","page","type-page","status-publish","hentry"],"_links":{"self":[{"href":"https:\/\/hydrowatt.de\/de\/fr\/wp-json\/wp\/v2\/pages\/298","targetHints":{"allow":["GET"]}}],"collection":[{"href":"https:\/\/hydrowatt.de\/de\/fr\/wp-json\/wp\/v2\/pages"}],"about":[{"href":"https:\/\/hydrowatt.de\/de\/fr\/wp-json\/wp\/v2\/types\/page"}],"author":[{"embeddable":true,"href":"https:\/\/hydrowatt.de\/de\/fr\/wp-json\/wp\/v2\/users\/1"}],"replies":[{"embeddable":true,"href":"https:\/\/hydrowatt.de\/de\/fr\/wp-json\/wp\/v2\/comments?post=298"}],"version-history":[{"count":4,"href":"https:\/\/hydrowatt.de\/de\/fr\/wp-json\/wp\/v2\/pages\/298\/revisions"}],"predecessor-version":[{"id":1185,"href":"https:\/\/hydrowatt.de\/de\/fr\/wp-json\/wp\/v2\/pages\/298\/revisions\/1185"}],"up":[{"embeddable":true,"href":"https:\/\/hydrowatt.de\/de\/fr\/wp-json\/wp\/v2\/pages\/35"}],"wp:attachment":[{"href":"https:\/\/hydrowatt.de\/de\/fr\/wp-json\/wp\/v2\/media?parent=298"}],"curies":[{"name":"wp","href":"https:\/\/api.w.org\/{rel}","templated":true}]}}