{"id":272,"date":"2017-07-26T17:42:43","date_gmt":"2017-07-26T15:42:43","guid":{"rendered":"http:\/\/hydrowatt.de\/de\/?page_id=272"},"modified":"2024-03-10T11:42:11","modified_gmt":"2024-03-10T10:42:11","slug":"durchstroemturbinen","status":"publish","type":"page","link":"https:\/\/hydrowatt.de\/de\/fr\/produkte\/durchstroemturbinen\/","title":{"rendered":"Turbines passantes"},"content":{"rendered":"<p><div class=\"fusion-fullwidth fullwidth-box fusion-builder-row-5 fusion-flex-container nonhundred-percent-fullwidth non-hundred-percent-height-scrolling\" style=\"--awb-border-radius-top-left:0px;--awb-border-radius-top-right:0px;--awb-border-radius-bottom-right:0px;--awb-border-radius-bottom-left:0px;--awb-flex-wrap:wrap;\" ><div class=\"fusion-builder-row fusion-row fusion-flex-align-items-flex-start fusion-flex-content-wrap\" style=\"max-width:1248px;margin-left: calc(-4% \/ 2 );margin-right: calc(-4% \/ 2 );\"><div class=\"fusion-layout-column fusion_builder_column fusion-builder-column-6 fusion_builder_column_1_1 1_1 fusion-flex-column\" style=\"--awb-bg-blend:overlay;--awb-bg-size:cover;--awb-width-large:100%;--awb-margin-top-large:0px;--awb-spacing-right-large:1.92%;--awb-margin-bottom-large:0px;--awb-spacing-left-large:1.92%;--awb-width-medium:100%;--awb-spacing-right-medium:1.92%;--awb-spacing-left-medium:1.92%;--awb-width-small:100%;--awb-spacing-right-small:1.92%;--awb-spacing-left-small:1.92%;\"><div class=\"fusion-column-wrapper fusion-flex-justify-content-flex-start fusion-content-layout-column\"><div class=\"fusion-text fusion-text-5\"><h1>turbines passantes \/ Ossberger<\/h1>\n<p>pour les installations de chute de 2 \u00e0 100 m\u00e8tres et pour un volume entre 50 et 5000 litres\/sec.<br \/>\n<img decoding=\"async\" class=\"alignright size-medium wp-image-277\" src=\"https:\/\/hydrowatt.de\/de\/wp-content\/uploads\/2017\/07\/t_ds-300x189.png\" alt=\"Crossflow turbines from Hydrowatt\" width=\"300\" height=\"189\" srcset=\"https:\/\/hydrowatt.de\/de\/wp-content\/uploads\/2017\/07\/t_ds-300x189.png 300w, https:\/\/hydrowatt.de\/de\/wp-content\/uploads\/2017\/07\/t_ds-768x485.png 768w, https:\/\/hydrowatt.de\/de\/wp-content\/uploads\/2017\/07\/t_ds.png 800w\" sizes=\"(max-width: 300px) 100vw, 300px\" \/><\/p>\n<ul>\n<li>fiable et \u00e9conomique \u00e0 faible d\u00e9bit<\/li>\n<li>peu d\u00b4effort de construction en beton<\/li>\n<li>bien adaptable \u00e0 la structure existante<\/li>\n<li>bonne efficacit\u00e9 \u00e0 faible d\u00e9bit<\/li>\n<li>pas de r\u00e9serve de pression n\u00e9cessaire pour l\u00b4arr\u00eat d\u00b4urgence<\/li>\n<li>facile \u00e0 maintenir et bien accesible<\/li>\n<\/ul>\n<p>&nbsp;<\/p>\n<\/div><\/div><\/div><\/div><\/div><\/p>","protected":false},"excerpt":{"rendered":"","protected":false},"author":1,"featured_media":0,"parent":35,"menu_order":0,"comment_status":"closed","ping_status":"closed","template":"100-width.php","meta":{"footnotes":""},"class_list":["post-272","page","type-page","status-publish","hentry"],"_links":{"self":[{"href":"https:\/\/hydrowatt.de\/de\/fr\/wp-json\/wp\/v2\/pages\/272","targetHints":{"allow":["GET"]}}],"collection":[{"href":"https:\/\/hydrowatt.de\/de\/fr\/wp-json\/wp\/v2\/pages"}],"about":[{"href":"https:\/\/hydrowatt.de\/de\/fr\/wp-json\/wp\/v2\/types\/page"}],"author":[{"embeddable":true,"href":"https:\/\/hydrowatt.de\/de\/fr\/wp-json\/wp\/v2\/users\/1"}],"replies":[{"embeddable":true,"href":"https:\/\/hydrowatt.de\/de\/fr\/wp-json\/wp\/v2\/comments?post=272"}],"version-history":[{"count":6,"href":"https:\/\/hydrowatt.de\/de\/fr\/wp-json\/wp\/v2\/pages\/272\/revisions"}],"predecessor-version":[{"id":1165,"href":"https:\/\/hydrowatt.de\/de\/fr\/wp-json\/wp\/v2\/pages\/272\/revisions\/1165"}],"up":[{"embeddable":true,"href":"https:\/\/hydrowatt.de\/de\/fr\/wp-json\/wp\/v2\/pages\/35"}],"wp:attachment":[{"href":"https:\/\/hydrowatt.de\/de\/fr\/wp-json\/wp\/v2\/media?parent=272"}],"curies":[{"name":"wp","href":"https:\/\/api.w.org\/{rel}","templated":true}]}}