{"id":251,"date":"2017-07-24T17:17:10","date_gmt":"2017-07-24T15:17:10","guid":{"rendered":"http:\/\/hydrowatt.de\/de\/?page_id=251"},"modified":"2024-03-10T11:40:41","modified_gmt":"2024-03-10T10:40:41","slug":"francis-turbinen","status":"publish","type":"page","link":"https:\/\/hydrowatt.de\/de\/fr\/produkte\/francis-turbinen\/","title":{"rendered":"Turbine Francis"},"content":{"rendered":"<p><div class=\"fusion-fullwidth fullwidth-box fusion-builder-row-4-1 fusion-flex-container nonhundred-percent-fullwidth non-hundred-percent-height-scrolling\" style=\"--awb-border-radius-top-left:0px;--awb-border-radius-top-right:0px;--awb-border-radius-bottom-right:0px;--awb-border-radius-bottom-left:0px;--awb-flex-wrap:wrap;\" ><\/div><div class=\"fusion-builder-row fusion-row fusion-flex-align-items-flex-start fusion-flex-content-wrap\" style=\"max-width:1248px;margin-left: calc(-4% \/ 2 );margin-right: calc(-4% \/ 2 );\"><\/div><div class=\"fusion-layout-column fusion_builder_column fusion-builder-column-7 fusion_builder_column_1_2 1_2 fusion-flex-column\" style=\"--awb-bg-blend:overlay;--awb-bg-size:cover;--awb-width-large:50%;--awb-margin-top-large:0px;--awb-spacing-right-large:3.84%;--awb-margin-bottom-large:0px;--awb-spacing-left-large:3.84%;--awb-width-medium:50%;--awb-spacing-right-medium:3.84%;--awb-spacing-left-medium:3.84%;--awb-width-small:100%;--awb-spacing-right-small:1.92%;--awb-spacing-left-small:1.92%;\"><div class=\"fusion-column-wrapper fusion-flex-justify-content-flex-start fusion-content-layout-column\"><\/div><\/div><div class=\"fusion-text fusion-text-5\"><\/div><\/p>\n<h1><span class=\"titel\">turbines de type Francis<\/span><\/h1>\n<p>Notre domaine comprend des turbines avec arbre horizontal et vertical entre 5 et 500 kilowatts &#8211; des rotors jusqu\u00b4\u00e0 2 m\u00e8tres de diam\u00e8tre et une chute jusqu`\u00e0 100 m\u00e8tres.<\/p>\n<ul>\n<li>agr\u00e9gats de r\u00e9glage pour turbines hydrauliques, \u00e9lectriques, actionn\u00e9es par poids<\/li>\n<li>m\u00e9canismes d\u00b4entra\u00eenement alternateurs, engrenages, courroies, embrayage<\/li>\n<li>rotors sous licence Voith Hydro<\/li>\n<li>pi\u00e8ces de rechange pour usines hydrauliques roulements, courroies, filtres<\/li>\n<li>maintenance, r\u00e9vision, analyses d\u00b4\u00e9tat, remise en \u00e9tat<\/li>\n<\/ul>\n<\/div><\/div><\/div><div class=\"fusion-layout-column fusion_builder_column fusion-builder-column-8 fusion_builder_column_1_2 1_2 fusion-flex-column\" style=\"--awb-bg-blend:overlay;--awb-bg-size:cover;--awb-width-large:50%;--awb-margin-top-large:0px;--awb-spacing-right-large:3.84%;--awb-margin-bottom-large:0px;--awb-spacing-left-large:3.84%;--awb-width-medium:50%;--awb-spacing-right-medium:3.84%;--awb-spacing-left-medium:3.84%;--awb-width-small:100%;--awb-spacing-right-small:1.92%;--awb-spacing-left-small:1.92%;\"><div class=\"fusion-column-wrapper fusion-flex-justify-content-flex-start fusion-content-layout-column\"><div class=\"fusion-image-element \" style=\"--awb-caption-title-font-family:var(--h2_typography-font-family);--awb-caption-title-font-weight:var(--h2_typography-font-weight);--awb-caption-title-font-style:var(--h2_typography-font-style);--awb-caption-title-size:var(--h2_typography-font-size);--awb-caption-title-transform:var(--h2_typography-text-transform);--awb-caption-title-line-height:var(--h2_typography-line-height);--awb-caption-title-letter-spacing:var(--h2_typography-letter-spacing);\"><span class=\" fusion-imageframe imageframe-none imageframe-2 hover-type-none\"><img decoding=\"async\" width=\"300\" height=\"224\" title=\"t_f\" src=\"https:\/\/hydrowatt.de\/de\/wp-content\/uploads\/2017\/07\/t_f-300x224.jpg\" alt class=\"img-responsive wp-image-368\" srcset=\"https:\/\/hydrowatt.de\/de\/wp-content\/uploads\/2017\/07\/t_f-300x224.jpg 300w, https:\/\/hydrowatt.de\/de\/wp-content\/uploads\/2017\/07\/t_f.jpg 507w\" sizes=\"(max-width: 300px) 100vw, 300px\" \/><\/span><\/div><\/div><\/div><\/div><\/div><\/p>","protected":false},"excerpt":{"rendered":"","protected":false},"author":1,"featured_media":0,"parent":35,"menu_order":0,"comment_status":"closed","ping_status":"closed","template":"100-width.php","meta":{"footnotes":""},"class_list":["post-251","page","type-page","status-publish","hentry"],"_links":{"self":[{"href":"https:\/\/hydrowatt.de\/de\/fr\/wp-json\/wp\/v2\/pages\/251","targetHints":{"allow":["GET"]}}],"collection":[{"href":"https:\/\/hydrowatt.de\/de\/fr\/wp-json\/wp\/v2\/pages"}],"about":[{"href":"https:\/\/hydrowatt.de\/de\/fr\/wp-json\/wp\/v2\/types\/page"}],"author":[{"embeddable":true,"href":"https:\/\/hydrowatt.de\/de\/fr\/wp-json\/wp\/v2\/users\/1"}],"replies":[{"embeddable":true,"href":"https:\/\/hydrowatt.de\/de\/fr\/wp-json\/wp\/v2\/comments?post=251"}],"version-history":[{"count":11,"href":"https:\/\/hydrowatt.de\/de\/fr\/wp-json\/wp\/v2\/pages\/251\/revisions"}],"predecessor-version":[{"id":1812,"href":"https:\/\/hydrowatt.de\/de\/fr\/wp-json\/wp\/v2\/pages\/251\/revisions\/1812"}],"up":[{"embeddable":true,"href":"https:\/\/hydrowatt.de\/de\/fr\/wp-json\/wp\/v2\/pages\/35"}],"wp:attachment":[{"href":"https:\/\/hydrowatt.de\/de\/fr\/wp-json\/wp\/v2\/media?parent=251"}],"curies":[{"name":"wp","href":"https:\/\/api.w.org\/{rel}","templated":true}]}}